{"id":2,"date":"2010-11-19T07:41:19","date_gmt":"2010-11-19T07:41:19","guid":{"rendered":"http:\/\/jenderka.cz\/wordpress\/?page_id=2"},"modified":"2010-11-19T07:41:19","modified_gmt":"2010-11-19T07:41:19","slug":"neco-o-me","status":"publish","type":"page","link":"http:\/\/jenderka.cz\/wordpress\/?page_id=2","title":{"rendered":"N\u011bco o mn\u011b"},"content":{"rendered":"<p>Toto je prvn\u00ed uk\u00e1zkov\u00e1 str\u00e1nka, kter\u00e1 byla automaticky vytvo\u0159ena b\u011bhem instalace WordPressu, a je mo\u017en\u00e9 ji jednodu\u0161e upravovat a doplnit t\u0159eba n\u011bkter\u00e9 osobn\u00ed informace (nap\u0159. odkud poch\u00e1z\u00edte, co d\u011bl\u00e1te), kter\u00e9 by mohly zaj\u00edmat va\u0161e \u010dten\u00e1\u0159e. M\u016f\u017eete tak\u00e9 vytv\u00e1\u0159et dal\u0161\u00ed podobn\u00e9 str\u00e1nky a jejich podstr\u00e1nky, \u010d\u00edm\u017e vlastn\u011b za\u010dnete vytv\u00e1\u0159et a spravovat obsah webu.<\/p>\n","protected":false},"excerpt":{"rendered":"<p>Toto je prvn\u00ed uk\u00e1zkov\u00e1 str\u00e1nka, kter\u00e1 byla automaticky vytvo\u0159ena b\u011bhem instalace WordPressu, a je mo\u017en\u00e9 ji jednodu\u0161e upravovat a doplnit t\u0159eba n\u011bkter\u00e9 osobn\u00ed informace (nap\u0159. odkud poch\u00e1z\u00edte, co d\u011bl\u00e1te), kter\u00e9 by mohly zaj\u00edmat va\u0161e \u010dten\u00e1\u0159e. M\u016f\u017eete tak\u00e9 vytv\u00e1\u0159et dal\u0161\u00ed podobn\u00e9 &hellip;<\/p>\n<p class=\"read-more\"><a href=\"http:\/\/jenderka.cz\/wordpress\/?page_id=2\">\u010c\u00edst d\u00e1le &raquo;<\/a><\/p>\n","protected":false},"author":1,"featured_media":0,"parent":0,"menu_order":0,"comment_status":"open","ping_status":"open","template":"","meta":{"footnotes":""},"class_list":["post-2","page","type-page","status-publish","hentry"],"_links":{"self":[{"href":"http:\/\/jenderka.cz\/wordpress\/index.php?rest_route=\/wp\/v2\/pages\/2","targetHints":{"allow":["GET"]}}],"collection":[{"href":"http:\/\/jenderka.cz\/wordpress\/index.php?rest_route=\/wp\/v2\/pages"}],"about":[{"href":"http:\/\/jenderka.cz\/wordpress\/index.php?rest_route=\/wp\/v2\/types\/page"}],"author":[{"embeddable":true,"href":"http:\/\/jenderka.cz\/wordpress\/index.php?rest_route=\/wp\/v2\/users\/1"}],"replies":[{"embeddable":true,"href":"http:\/\/jenderka.cz\/wordpress\/index.php?rest_route=%2Fwp%2Fv2%2Fcomments&post=2"}],"version-history":[{"count":0,"href":"http:\/\/jenderka.cz\/wordpress\/index.php?rest_route=\/wp\/v2\/pages\/2\/revisions"}],"wp:attachment":[{"href":"http:\/\/jenderka.cz\/wordpress\/index.php?rest_route=%2Fwp%2Fv2%2Fmedia&parent=2"}],"curies":[{"name":"wp","href":"https:\/\/api.w.org\/{rel}","templated":true}]}}